{"id":10398,"date":"2024-08-31T13:56:06","date_gmt":"2024-08-31T11:56:06","guid":{"rendered":"https:\/\/silvianencini.com\/timeless-meets-modern\/"},"modified":"2025-11-25T15:10:14","modified_gmt":"2025-11-25T14:10:14","slug":"timeless-meets-modern","status":"publish","type":"page","link":"https:\/\/silvianencini.com\/it\/timeless-meets-modern\/","title":{"rendered":"Timeless meets modern"},"content":{"rendered":"<p>[et_pb_section fb_built=&#8221;1&#8243; _builder_version=&#8221;4.16&#8243; _module_preset=&#8221;default&#8221; background_color=&#8221;#FFFFFF&#8221; animation_style=&#8221;fade&#8221; global_colors_info=&#8221;{}&#8221;][et_pb_row column_structure=&#8221;1_2,1_2&#8243; _builder_version=&#8221;4.25.1&#8243; _module_preset=&#8221;default&#8221; width=&#8221;69%&#8221; max_width=&#8221;2560px&#8221; module_alignment=&#8221;center&#8221; animation_style=&#8221;fade&#8221; global_colors_info=&#8221;{}&#8221;][et_pb_column type=&#8221;1_2&#8243; _builder_version=&#8221;4.16&#8243; _module_preset=&#8221;default&#8221; global_colors_info=&#8221;{}&#8221;][et_pb_image src=&#8221;https:\/\/silvianencini.com\/wp-content\/uploads\/2024\/08\/02dd-img-5223-copia-4.webp&#8221; _builder_version=&#8221;4.25.1&#8243; _module_preset=&#8221;default&#8221; global_colors_info=&#8221;{}&#8221;][\/et_pb_image][et_pb_text admin_label=&#8221;Texte&#8221; _builder_version=&#8221;4.25.1&#8243; _module_preset=&#8221;default&#8221; width=&#8221;100%&#8221; max_width=&#8221;100%&#8221; module_alignment=&#8221;left&#8221; custom_margin=&#8221;20px||||false|false&#8221; custom_padding=&#8221;20px||||false|false&#8221; global_colors_info=&#8221;{}&#8221;]<\/p>\n<p><span>Ispirato agli antichi motivi della Magna Grecia presenti in Puglia. Sagome che raffigurano scene di vita quotidiana, ma anche scene poetiche e ispiratrici, perfette per creare un&#8217;atmosfera unica in ogni stanza. Queste decorazioni aggiungono un tocco di eleganza e nostalgia nel rispetto della storia del luogo.  <\/span><\/p>\n<section class=\"content\"><\/section>\n<section class=\"content\"><\/section>\n<p>[\/et_pb_text][et_pb_image src=&#8221;https:\/\/silvianencini.com\/wp-content\/uploads\/2024\/08\/06f-img-5273-copia-3.webp&#8221; _builder_version=&#8221;4.25.1&#8243; _module_preset=&#8221;default&#8221; global_colors_info=&#8221;{}&#8221;][\/et_pb_image][\/et_pb_column][et_pb_column type=&#8221;1_2&#8243; _builder_version=&#8221;4.24.2&#8243; _module_preset=&#8221;default&#8221; global_colors_info=&#8221;{}&#8221;][et_pb_text admin_label=&#8221;Texte&#8221; _builder_version=&#8221;4.25.1&#8243; _module_preset=&#8221;default&#8221; width=&#8221;100%&#8221; max_width=&#8221;100%&#8221; module_alignment=&#8221;left&#8221; custom_margin=&#8221;20px||||false|false&#8221; custom_padding=&#8221;20px||||false|false&#8221; global_colors_info=&#8221;{}&#8221;]<\/p>\n<h1>Timeless meets modern<\/h1>\n<section class=\"content\"><\/section>\n<section class=\"content\"><\/section>\n<p>[\/et_pb_text][et_pb_text admin_label=&#8221;Texte&#8221; _builder_version=&#8221;4.25.1&#8243; _module_preset=&#8221;default&#8221; width=&#8221;100%&#8221; max_width=&#8221;100%&#8221; module_alignment=&#8221;left&#8221; custom_margin=&#8221;20px||||false|false&#8221; custom_padding=&#8221;20px||||false|false&#8221; global_colors_info=&#8221;{}&#8221;]<\/p>\n<p><span>A cinque minuti da Polignano a Mare, in Puglia, una decorazione murale in un antico appartamento di fine Ottocento\/inizio Novecento. Si trova di fronte alla chiesa progettata dall&#8217;architetto Ruffo, che ha contribuito alla maestosa Reggia di Caserta. <\/span><span><\/span><\/p>\n<section class=\"content\"><\/section>\n<section class=\"content\"><\/section>\n<p>[\/et_pb_text][et_pb_image src=&#8221;https:\/\/silvianencini.com\/wp-content\/uploads\/2024\/08\/06-img-5273-copia-3.webp&#8221; _builder_version=&#8221;4.25.1&#8243; _module_preset=&#8221;default&#8221; global_colors_info=&#8221;{}&#8221;][\/et_pb_image][et_pb_text admin_label=&#8221;Texte&#8221; _builder_version=&#8221;4.25.1&#8243; _module_preset=&#8221;default&#8221; width=&#8221;100%&#8221; max_width=&#8221;100%&#8221; module_alignment=&#8221;left&#8221; custom_margin=&#8221;20px||||false|false&#8221; custom_padding=&#8221;20px||||false|false&#8221; global_colors_info=&#8221;{}&#8221;]<\/p>\n<h1><span>Una fusione senza tempo tra passato e presente<\/span><\/h1>\n<section class=\"content\"><\/section>\n<section class=\"content\"><\/section>\n<p>[\/et_pb_text][\/et_pb_column][\/et_pb_row][\/et_pb_section][et_pb_section fb_built=&#8221;1&#8243; _builder_version=&#8221;4.27.4&#8243; _module_preset=&#8221;default&#8221; background_color=&#8221;#5e2d21&#8243; global_module=&#8221;11916&#8243; saved_tabs=&#8221;all&#8221; global_colors_info=&#8221;{}&#8221;][et_pb_row column_structure=&#8221;1_2,1_2&#8243; _builder_version=&#8221;4.25.1&#8243; _module_preset=&#8221;default&#8221; global_colors_info=&#8221;{}&#8221;][et_pb_column type=&#8221;1_2&#8243; _builder_version=&#8221;4.25.1&#8243; _module_preset=&#8221;default&#8221; global_colors_info=&#8221;{}&#8221;][et_pb_image src=&#8221;https:\/\/silvianencini.com\/wp-content\/uploads\/2025\/02\/2-1.gif&#8221; _builder_version=&#8221;4.27.4&#8243; _module_preset=&#8221;default&#8221; width=&#8221;100%&#8221; max_width=&#8221;100%&#8221; module_alignment=&#8221;center&#8221; global_colors_info=&#8221;{}&#8221;][\/et_pb_image][\/et_pb_column][et_pb_column type=&#8221;1_2&#8243; _builder_version=&#8221;4.25.1&#8243; _module_preset=&#8221;default&#8221; global_colors_info=&#8221;{}&#8221;][et_pb_slider _builder_version=&#8221;4.27.4&#8243; _module_preset=&#8221;default&#8221; hover_transition_duration=&#8221;0ms&#8221; link_option_url=&#8221;https:\/\/www.paypal.com\/ncp\/payment\/XP4QRW744NV9J&#8221; header_text_shadow_style=&#8221;preset3&#8243; header_text_shadow_color=&#8221;RGBA(0,0,0,0)&#8221; body_text_shadow_style=&#8221;preset4&#8243; body_text_shadow_horizontal_length=&#8221;0.05em&#8221; body_text_shadow_color=&#8221;RGBA(0,0,0,0)&#8221; global_colors_info=&#8221;{}&#8221;][et_pb_slide heading=&#8221;\u2014 \u00c9dition limit\u00e9e \u2014&#8221; button_text=&#8221;Commandez ici&#8221; button_link=&#8221;https:\/\/www.paypal.com\/ncp\/payment\/XP4QRW744NV9J&#8221; _builder_version=&#8221;4.27.4&#8243; _module_preset=&#8221;default&#8221; header_level=&#8221;h1&#8243; header_text_color=&#8221;#893c1b&#8221; header_font_size=&#8221;32px&#8221; background_color=&#8221;#FFFFFF&#8221; background_enable_color=&#8221;on&#8221; link_option_url=&#8221;https:\/\/www.paypal.com\/ncp\/payment\/XP4QRW744NV9J&#8221; global_colors_info=&#8221;{}&#8221; sticky_transition=&#8221;on&#8221;]<\/p>\n<p data-start=\"51\" data-end=\"268\" style=\"text-align: center;\"><span style=\"color: #000000;\">D\u00e9couvrez cette impression exclusive de la fresque murale, imprim\u00e9e en blanc et terracotta sur papier 350 g, format A3 (42 \u00d7 29,7 cm). <\/span><span style=\"color: #000000;\">Chaque pi\u00e8ce est <strong>num\u00e9rot\u00e9e et sign\u00e9e \u00e0 la main<\/strong>, rendant chaque exemplaire unique.<\/span><span style=\"color: #000000;\"><br \/><\/span><\/p>\n<p>[\/et_pb_slide][\/et_pb_slider][\/et_pb_column][\/et_pb_row][\/et_pb_section][et_pb_section fb_built=&#8221;1&#8243; _builder_version=&#8221;4.27.4&#8243; _module_preset=&#8221;default&#8221; global_colors_info=&#8221;{}&#8221;][et_pb_row column_structure=&#8221;1_2,1_2&#8243; _builder_version=&#8221;4.24.2&#8243; _module_preset=&#8221;default&#8221; width=&#8221;70%&#8221; max_width=&#8221;1410px&#8221; module_alignment=&#8221;center&#8221; global_colors_info=&#8221;{}&#8221;][et_pb_column type=&#8221;1_2&#8243; _builder_version=&#8221;4.16&#8243; _module_preset=&#8221;default&#8221; global_colors_info=&#8221;{}&#8221;][et_pb_text _builder_version=&#8221;4.25.1&#8243; _module_preset=&#8221;default&#8221; text_font_size=&#8221;16px&#8221; header_line_height=&#8221;1.2em&#8221; background_color=&#8221;rgba(255,255,255,0.86)&#8221; custom_margin=&#8221;||||false|false&#8221; custom_padding=&#8221;60px|80px|80px|60px|false|false&#8221; border_color_all=&#8221;#E02B20&#8243; global_colors_info=&#8221;{}&#8221;]<\/p>\n<h1 style=\"text-align: center;\">\u2014 Video \u2014<\/h1>\n<p style=\"text-align: center;\">Decorazione murale<\/p>\n<p>[\/et_pb_text][\/et_pb_column][et_pb_column type=&#8221;1_2&#8243; _builder_version=&#8221;4.16&#8243; _module_preset=&#8221;default&#8221; global_colors_info=&#8221;{}&#8221;][et_pb_video src=&#8221;https:\/\/youtube.com\/shorts\/7Rmbu_qcA_w?si=VNbpdD9l3KULKscg&#8221; _builder_version=&#8221;4.27.4&#8243; _module_preset=&#8221;default&#8221; global_colors_info=&#8221;{}&#8221;][\/et_pb_video][\/et_pb_column][\/et_pb_row][et_pb_row _builder_version=&#8221;4.25.1&#8243; _module_preset=&#8221;default&#8221; global_colors_info=&#8221;{}&#8221;][et_pb_column type=&#8221;4_4&#8243; _builder_version=&#8221;4.25.1&#8243; _module_preset=&#8221;default&#8221; global_colors_info=&#8221;{}&#8221;][et_pb_button button_url=&#8221;https:\/\/silvianencini.com\/it\/terracotta-al-sole\/&#8221; button_text=&#8221;prossimo progetto&#8221; button_alignment=&#8221;center&#8221; disabled_on=&#8221;off|off|off&#8221; _builder_version=&#8221;4.25.1&#8243; _module_preset=&#8221;default&#8221; global_colors_info=&#8221;{}&#8221;][\/et_pb_button][\/et_pb_column][\/et_pb_row][\/et_pb_section][et_pb_section fb_built=&#8221;1&#8243; _builder_version=&#8221;4.25.1&#8243; _module_preset=&#8221;default&#8221; global_module=&#8221;11543&#8243; saved_tabs=&#8221;all&#8221; global_colors_info=&#8221;{}&#8221;][et_pb_row column_structure=&#8221;1_3,1_3,1_3&#8243; _builder_version=&#8221;4.27.4&#8243; _module_preset=&#8221;default&#8221; width=&#8221;92%&#8221; max_width=&#8221;2387px&#8221; global_colors_info=&#8221;{}&#8221;][et_pb_column type=&#8221;1_3&#8243; _builder_version=&#8221;4.27.4&#8243; _module_preset=&#8221;default&#8221; global_colors_info=&#8221;{}&#8221;][et_pb_slider _builder_version=&#8221;4.25.1&#8243; _module_preset=&#8221;default&#8221; body_font=&#8221;|&#8211;et_global_body_font_weight|||||||&#8221; body_font_size=&#8221;20px&#8221; background_image=&#8221;https:\/\/silvianencini.com\/wp-content\/uploads\/2024\/10\/book-decor-silvia-nencini.gif&#8221; min_height=&#8221;372px&#8221; hover_transition_duration=&#8221;0ms&#8221; link_option_url=&#8221;https:\/\/silvianencini.com\/book\/&#8221; header_text_shadow_style=&#8221;preset3&#8243; header_text_shadow_color=&#8221;RGBA(0,0,0,0)&#8221; body_text_shadow_style=&#8221;preset1&#8243; body_text_shadow_color=&#8221;RGBA(255,255,255,0)&#8221; global_colors_info=&#8221;{}&#8221;][et_pb_slide button_text=&#8221;Scarica il book&#8221; button_link=&#8221;https:\/\/silvianencini.com\/it\/book\/&#8221; _builder_version=&#8221;4.25.1&#8243; _module_preset=&#8221;default&#8221; header_level=&#8221;h1&#8243; header_text_color=&#8221;rgba(10,10,10,0.77)&#8221; header_font_size=&#8221;32px&#8221; body_font=&#8221;|300|||||||&#8221; background_color=&#8221;#FFFFFF&#8221; background_enable_color=&#8221;on&#8221; link_option_url=&#8221;https:\/\/silvianencini.com\/it\/book\/&#8221; global_colors_info=&#8221;{}&#8221; sticky_transition=&#8221;on&#8221;][\/et_pb_slide][\/et_pb_slider][\/et_pb_column][et_pb_column type=&#8221;1_3&#8243; _builder_version=&#8221;4.27.4&#8243; _module_preset=&#8221;default&#8221; global_colors_info=&#8221;{}&#8221;][et_pb_slider _builder_version=&#8221;4.27.4&#8243; _module_preset=&#8221;default&#8221; background_enable_image=&#8221;off&#8221; hover_transition_duration=&#8221;0ms&#8221; header_text_shadow_style=&#8221;preset3&#8243; header_text_shadow_color=&#8221;RGBA(0,0,0,0)&#8221; body_text_shadow_style=&#8221;preset4&#8243; body_text_shadow_horizontal_length=&#8221;0.05em&#8221; body_text_shadow_color=&#8221;RGBA(0,0,0,0)&#8221; global_colors_info=&#8221;{}&#8221;][et_pb_slide heading=&#8221;\u2014 Instagram \u2014&#8221; button_text=&#8221;@silvianencini_&#8221; button_link=&#8221;https:\/\/www.instagram.com\/silvianencini_\/&#8221; _builder_version=&#8221;4.27.4&#8243; _module_preset=&#8221;default&#8221; header_level=&#8221;h1&#8243; header_text_color=&#8221;rgba(10,10,10,0.77)&#8221; header_font_size=&#8221;32px&#8221; body_text_color=&#8221;rgba(0,0,0,0.89)&#8221; background_color=&#8221;#FFFFFF&#8221; background_enable_color=&#8221;on&#8221; global_colors_info=&#8221;{}&#8221; sticky_transition=&#8221;on&#8221;]<\/p>\n<p>Seguire in diretta l&#8217;avanzamento di tutti i progetti<\/p>\n<p>[\/et_pb_slide][\/et_pb_slider][\/et_pb_column][et_pb_column type=&#8221;1_3&#8243; _builder_version=&#8221;4.27.4&#8243; _module_preset=&#8221;default&#8221; global_colors_info=&#8221;{}&#8221;][et_pb_image src=&#8221;https:\/\/silvianencini.com\/wp-content\/uploads\/2025\/05\/schermata-2025-05-22-alle-200909-copia.jpg&#8221; alt=&#8221;instagram&#8221; title_text=&#8221;instagram&#8221; url=&#8221;https:\/\/www.instagram.com\/silvianencini_\/&#8221; _builder_version=&#8221;4.27.4&#8243; _module_preset=&#8221;default&#8221; global_colors_info=&#8221;{}&#8221;][\/et_pb_image][\/et_pb_column][\/et_pb_row][\/et_pb_section]<\/p>\n","protected":false},"excerpt":{"rendered":"<p>Ispirato agli antichi motivi della Magna Grecia presenti in Puglia. Sagome che raffigurano scene di vita quotidiana, ma anche scene poetiche e ispiratrici, perfette per creare un&#8217;atmosfera unica in ogni stanza. Queste decorazioni aggiungono un tocco di eleganza e nostalgia nel rispetto della storia del luogo. Timeless meets modern A cinque minuti da Polignano a [&hellip;]<\/p>\n","protected":false},"author":1,"featured_media":0,"parent":0,"menu_order":0,"comment_status":"closed","ping_status":"closed","template":"","meta":{"_et_pb_use_builder":"on","_et_pb_old_content":"","_et_gb_content_width":"","om_disable_all_campaigns":false,"_monsterinsights_skip_tracking":false,"_monsterinsights_sitenote_active":false,"_monsterinsights_sitenote_note":"","_monsterinsights_sitenote_category":0,"_uf_show_specific_survey":0,"_uf_disable_surveys":false,"footnotes":""},"class_list":["post-10398","page","type-page","status-publish","hentry"],"yoast_head":"<!-- This site is optimized with the Yoast SEO plugin v27.6 - https:\/\/yoast.com\/product\/yoast-seo-wordpress\/ -->\n<title>Timeless meets modern - Silvia Nencini<\/title>\n<meta name=\"robots\" content=\"index, follow, max-snippet:-1, max-image-preview:large, max-video-preview:-1\" \/>\n<link rel=\"canonical\" href=\"https:\/\/silvianencini.com\/it\/timeless-meets-modern\/\" \/>\n<meta property=\"og:locale\" content=\"it_IT\" \/>\n<meta property=\"og:type\" content=\"article\" \/>\n<meta property=\"og:title\" content=\"Timeless meets modern - Silvia Nencini\" \/>\n<meta property=\"og:description\" content=\"Ispirato agli antichi motivi della Magna Grecia presenti in Puglia. Sagome che raffigurano scene di vita quotidiana, ma anche scene poetiche e ispiratrici, perfette per creare un&#039;atmosfera unica in ogni stanza. Queste decorazioni aggiungono un tocco di eleganza e nostalgia nel rispetto della storia del luogo. Timeless meets modern A cinque minuti da Polignano a [&hellip;]\" \/>\n<meta property=\"og:url\" content=\"https:\/\/silvianencini.com\/it\/timeless-meets-modern\/\" \/>\n<meta property=\"og:site_name\" content=\"Silvia Nencini\" \/>\n<meta property=\"article:publisher\" content=\"https:\/\/www.facebook.com\/silvia.nencini.75\" \/>\n<meta property=\"article:modified_time\" content=\"2025-11-25T14:10:14+00:00\" \/>\n<meta name=\"twitter:card\" content=\"summary_large_image\" \/>\n<meta name=\"twitter:label1\" content=\"Tempo di lettura stimato\" \/>\n\t<meta name=\"twitter:data1\" content=\"6 minuti\" \/>\n<script type=\"application\/ld+json\" class=\"yoast-schema-graph\">{\"@context\":\"https:\\\/\\\/schema.org\",\"@graph\":[{\"@type\":\"WebPage\",\"@id\":\"https:\\\/\\\/silvianencini.com\\\/it\\\/timeless-meets-modern\\\/\",\"url\":\"https:\\\/\\\/silvianencini.com\\\/it\\\/timeless-meets-modern\\\/\",\"name\":\"Timeless meets modern - Silvia Nencini\",\"isPartOf\":{\"@id\":\"https:\\\/\\\/silvianencini.com\\\/#website\"},\"datePublished\":\"2024-08-31T11:56:06+00:00\",\"dateModified\":\"2025-11-25T14:10:14+00:00\",\"breadcrumb\":{\"@id\":\"https:\\\/\\\/silvianencini.com\\\/it\\\/timeless-meets-modern\\\/#breadcrumb\"},\"inLanguage\":\"it-IT\",\"potentialAction\":[{\"@type\":\"ReadAction\",\"target\":[\"https:\\\/\\\/silvianencini.com\\\/it\\\/timeless-meets-modern\\\/\"]}]},{\"@type\":\"BreadcrumbList\",\"@id\":\"https:\\\/\\\/silvianencini.com\\\/it\\\/timeless-meets-modern\\\/#breadcrumb\",\"itemListElement\":[{\"@type\":\"ListItem\",\"position\":1,\"name\":\"Home\",\"item\":\"https:\\\/\\\/silvianencini.com\\\/it\\\/ultimi-progetti\\\/\"},{\"@type\":\"ListItem\",\"position\":2,\"name\":\"Timeless meets modern\"}]},{\"@type\":\"WebSite\",\"@id\":\"https:\\\/\\\/silvianencini.com\\\/#website\",\"url\":\"https:\\\/\\\/silvianencini.com\\\/\",\"name\":\"Silvia Nencini\",\"description\":\"D\u00e9coration murale\",\"publisher\":{\"@id\":\"https:\\\/\\\/silvianencini.com\\\/#\\\/schema\\\/person\\\/fa693a9a403cbbb58720a4abf47c1b08\"},\"potentialAction\":[{\"@type\":\"SearchAction\",\"target\":{\"@type\":\"EntryPoint\",\"urlTemplate\":\"https:\\\/\\\/silvianencini.com\\\/?s={search_term_string}\"},\"query-input\":{\"@type\":\"PropertyValueSpecification\",\"valueRequired\":true,\"valueName\":\"search_term_string\"}}],\"inLanguage\":\"it-IT\"},{\"@type\":[\"Person\",\"Organization\"],\"@id\":\"https:\\\/\\\/silvianencini.com\\\/#\\\/schema\\\/person\\\/fa693a9a403cbbb58720a4abf47c1b08\",\"name\":\"Silvia\",\"image\":{\"@type\":\"ImageObject\",\"inLanguage\":\"it-IT\",\"@id\":\"https:\\\/\\\/silvianencini.com\\\/wp-content\\\/uploads\\\/2023\\\/07\\\/cropped-logo-firmaok.jpg\",\"url\":\"https:\\\/\\\/silvianencini.com\\\/wp-content\\\/uploads\\\/2023\\\/07\\\/cropped-logo-firmaok.jpg\",\"contentUrl\":\"https:\\\/\\\/silvianencini.com\\\/wp-content\\\/uploads\\\/2023\\\/07\\\/cropped-logo-firmaok.jpg\",\"width\":512,\"height\":512,\"caption\":\"Silvia\"},\"logo\":{\"@id\":\"https:\\\/\\\/silvianencini.com\\\/wp-content\\\/uploads\\\/2023\\\/07\\\/cropped-logo-firmaok.jpg\"},\"sameAs\":[\"https:\\\/\\\/silvianencini.com\",\"https:\\\/\\\/www.facebook.com\\\/silvia.nencini.75\",\"https:\\\/\\\/www.instagram.com\\\/silvianencini_\\\/\",\"https:\\\/\\\/www.linkedin.com\\\/in\\\/silvianencini\\\/\",\"https:\\\/\\\/www.youtube.com\\\/@silvianencinidecor\"]}]}<\/script>\n<!-- \/ Yoast SEO plugin. -->","yoast_head_json":{"title":"Timeless meets modern - Silvia Nencini","robots":{"index":"index","follow":"follow","max-snippet":"max-snippet:-1","max-image-preview":"max-image-preview:large","max-video-preview":"max-video-preview:-1"},"canonical":"https:\/\/silvianencini.com\/it\/timeless-meets-modern\/","og_locale":"it_IT","og_type":"article","og_title":"Timeless meets modern - Silvia Nencini","og_description":"Ispirato agli antichi motivi della Magna Grecia presenti in Puglia. Sagome che raffigurano scene di vita quotidiana, ma anche scene poetiche e ispiratrici, perfette per creare un'atmosfera unica in ogni stanza. Queste decorazioni aggiungono un tocco di eleganza e nostalgia nel rispetto della storia del luogo. Timeless meets modern A cinque minuti da Polignano a [&hellip;]","og_url":"https:\/\/silvianencini.com\/it\/timeless-meets-modern\/","og_site_name":"Silvia Nencini","article_publisher":"https:\/\/www.facebook.com\/silvia.nencini.75","article_modified_time":"2025-11-25T14:10:14+00:00","twitter_card":"summary_large_image","twitter_misc":{"Tempo di lettura stimato":"6 minuti"},"schema":{"@context":"https:\/\/schema.org","@graph":[{"@type":"WebPage","@id":"https:\/\/silvianencini.com\/it\/timeless-meets-modern\/","url":"https:\/\/silvianencini.com\/it\/timeless-meets-modern\/","name":"Timeless meets modern - Silvia Nencini","isPartOf":{"@id":"https:\/\/silvianencini.com\/#website"},"datePublished":"2024-08-31T11:56:06+00:00","dateModified":"2025-11-25T14:10:14+00:00","breadcrumb":{"@id":"https:\/\/silvianencini.com\/it\/timeless-meets-modern\/#breadcrumb"},"inLanguage":"it-IT","potentialAction":[{"@type":"ReadAction","target":["https:\/\/silvianencini.com\/it\/timeless-meets-modern\/"]}]},{"@type":"BreadcrumbList","@id":"https:\/\/silvianencini.com\/it\/timeless-meets-modern\/#breadcrumb","itemListElement":[{"@type":"ListItem","position":1,"name":"Home","item":"https:\/\/silvianencini.com\/it\/ultimi-progetti\/"},{"@type":"ListItem","position":2,"name":"Timeless meets modern"}]},{"@type":"WebSite","@id":"https:\/\/silvianencini.com\/#website","url":"https:\/\/silvianencini.com\/","name":"Silvia Nencini","description":"D\u00e9coration murale","publisher":{"@id":"https:\/\/silvianencini.com\/#\/schema\/person\/fa693a9a403cbbb58720a4abf47c1b08"},"potentialAction":[{"@type":"SearchAction","target":{"@type":"EntryPoint","urlTemplate":"https:\/\/silvianencini.com\/?s={search_term_string}"},"query-input":{"@type":"PropertyValueSpecification","valueRequired":true,"valueName":"search_term_string"}}],"inLanguage":"it-IT"},{"@type":["Person","Organization"],"@id":"https:\/\/silvianencini.com\/#\/schema\/person\/fa693a9a403cbbb58720a4abf47c1b08","name":"Silvia","image":{"@type":"ImageObject","inLanguage":"it-IT","@id":"https:\/\/silvianencini.com\/wp-content\/uploads\/2023\/07\/cropped-logo-firmaok.jpg","url":"https:\/\/silvianencini.com\/wp-content\/uploads\/2023\/07\/cropped-logo-firmaok.jpg","contentUrl":"https:\/\/silvianencini.com\/wp-content\/uploads\/2023\/07\/cropped-logo-firmaok.jpg","width":512,"height":512,"caption":"Silvia"},"logo":{"@id":"https:\/\/silvianencini.com\/wp-content\/uploads\/2023\/07\/cropped-logo-firmaok.jpg"},"sameAs":["https:\/\/silvianencini.com","https:\/\/www.facebook.com\/silvia.nencini.75","https:\/\/www.instagram.com\/silvianencini_\/","https:\/\/www.linkedin.com\/in\/silvianencini\/","https:\/\/www.youtube.com\/@silvianencinidecor"]}]}},"_links":{"self":[{"href":"https:\/\/silvianencini.com\/it\/wp-json\/wp\/v2\/pages\/10398","targetHints":{"allow":["GET"]}}],"collection":[{"href":"https:\/\/silvianencini.com\/it\/wp-json\/wp\/v2\/pages"}],"about":[{"href":"https:\/\/silvianencini.com\/it\/wp-json\/wp\/v2\/types\/page"}],"author":[{"embeddable":true,"href":"https:\/\/silvianencini.com\/it\/wp-json\/wp\/v2\/users\/1"}],"replies":[{"embeddable":true,"href":"https:\/\/silvianencini.com\/it\/wp-json\/wp\/v2\/comments?post=10398"}],"version-history":[{"count":5,"href":"https:\/\/silvianencini.com\/it\/wp-json\/wp\/v2\/pages\/10398\/revisions"}],"predecessor-version":[{"id":12650,"href":"https:\/\/silvianencini.com\/it\/wp-json\/wp\/v2\/pages\/10398\/revisions\/12650"}],"wp:attachment":[{"href":"https:\/\/silvianencini.com\/it\/wp-json\/wp\/v2\/media?parent=10398"}],"curies":[{"name":"wp","href":"https:\/\/api.w.org\/{rel}","templated":true}]}}